{"id":1008,"date":"2000-02-20T09:16:35","date_gmt":"2000-02-20T08:16:35","guid":{"rendered":"http:\/\/shop.militaria.at\/product\/larmee-belge-dans-la-grande-guerre-volume-2\/"},"modified":"2025-10-27T15:15:47","modified_gmt":"2025-10-27T14:15:47","slug":"larmee-belge-dans-la-grande-guerre-volume-2","status":"publish","type":"product","link":"https:\/\/shop.militaria.at\/fr\/product\/larmee-belge-dans-la-grande-guerre-volume-2\/","title":{"rendered":"L\u2019arm\u00e9e belge dans la Grande Guerre, Dome 2"},"content":{"rendered":"<p>Ecrire \u00e0 propos de l\u2019Histoire des armes \u00e0 feu sans faire r\u00e9f\u00e9rence \u00e0 la r\u00e9putation de l\u2019industrie armuri\u00e8re belge serait oublier l\u2019importance de cette nation au niveau internationial dans ce domaine d\u2019activit\u00e9. La quantit\u00e9 et la vari\u00e9t\u00e9 d\u2019armes en tous genres qui furent fabriqu\u00e9es en Belgique et export\u00e9es au XIXe si\u00e8cle \u00e9taient tout \u00e0 fait exceptionnelles.<br \/>\nL\u2019outil de production, mais aussi le savoir-faire et l\u2019ing\u00e9niosit\u00e9 des armuriers ont bien s\u00fbr \u00e9t\u00e9 mis au service de l\u2019arm\u00e9e belge : celle-ci, bien que modeste par ses effectifs, disposait en 1914 d\u2019un armement portatif individuel correct, qui, sans \u00eatre obsol\u00e8te, avait \u00e9t\u00e9 mis au point vingt ans auparavant. Bien instruit, le soldat, entrain\u00e9 au tir \u00e0 longue distance, en exploita toute la ressource. La petite quantit\u00e9 d\u2019armes automatiques, adopt\u00e9es moins de trois ans auparavant, se r\u00e9v\u00e9lera \u00eatre cependant un handicap s\u00e9rieux face au d\u00e9s\u00e9quilibre des forces. La r\u00e9sistance sur l\u2019Yser entraina la fin de la guerre de mouvement.<br \/>\nLes ann\u00e9es de guerre et les efforts fournis pour que le soldat en premi\u00e8re ligne soit correctement arm\u00e9 \u00e0 oblig\u00e9 le gouvernement et les \u00e9chelons d\u2019appui \u00e0 faire preuve d\u2019ing\u00e9niosit\u00e9. Outre un nombre impressionnant de modifications sur le mat\u00e9riel existant, il y eut une diversification tr\u00e8s entendue des origines du mat\u00e9riel utilis\u00e9: regarder les photographies du front belge de l\u2019Yser permet d\u2019y reconnaitre des armes fran\u00e7aises, britanniques, allemandes, turques, am\u00e9ricaines, et bien d\u2019autres encore, utilis\u00e9es telles quelles ou modifi\u00e9es selon les besoins de l\u2019arm\u00e9e belge.<br \/>\nDevant la masse d\u2019informations et de photographies disponible, il paraissait impossible d\u2019achever l\u2019aper\u00e7u de l\u2019arm\u00e9e belge de la Grande guerre sans consacrer ce second volume au seul armement portatif: les collections conserv\u00e9es et expos\u00e9es au Mus\u00e9e royal de l\u2019Arm\u00e9e et d\u2019Histoire militaire d\u00e9voilent ici encore toute leur richesse.<br \/>\nBien au-del\u00e0 d\u2019un simple catalogue des armes en dotation de l\u2019arm\u00e9e belge, cet ouvrage pr\u00e9sente donc aussi l\u2019histoire de la transformation d\u2019une petite arm\u00e9e prise dans les tourments de la Grande Guerre, en fonction des progr\u00e8s technologiques et tactiques du temps.<\/p>\n","protected":false},"excerpt":{"rendered":"<p>L\u2019armement portatif r\u00e9glementaire<\/p>\n","protected":false},"featured_media":3506,"template":"","meta":{"site-sidebar-layout":"default","site-content-layout":"default","ast-main-header-display":"","ast-hfb-above-header-display":"","ast-hfb-below-header-display":"","ast-hfb-mobile-header-display":"","site-post-title":"","ast-breadcrumbs-content":"","ast-featured-img":"","footer-sml-layout":"","theme-transparent-header-meta":"default","adv-header-id-meta":"","stick-header-meta":"default","header-above-stick-meta":"","header-main-stick-meta":"","header-below-stick-meta":""},"product_brand":[],"product_cat":[1000],"product_tag":[],"test":[],"autoren":[632,818,838,861],"class_list":{"0":"post-1008","1":"product","2":"type-product","3":"status-publish","4":"has-post-thumbnail","6":"product_cat-uniformes-et-equipement","7":"autoren-eddy-boomputte-fr","8":"autoren-peter-cochez-fr","9":"autoren-pierre-lierneux-fr","10":"autoren-roger-lothaire-fr","11":"align-center","12":"box-shadow-1","13":"box-shadow-2-hover","14":"ast-product-gallery-layout-horizontal","15":"ast-product-tabs-layout-horizontal","17":"first","18":"instock","19":"taxable","20":"shipping-taxable","21":"purchasable","22":"product-type-simple"},"_links":{"self":[{"href":"https:\/\/shop.militaria.at\/fr\/wp-json\/wp\/v2\/product\/1008","targetHints":{"allow":["GET"]}}],"collection":[{"href":"https:\/\/shop.militaria.at\/fr\/wp-json\/wp\/v2\/product"}],"about":[{"href":"https:\/\/shop.militaria.at\/fr\/wp-json\/wp\/v2\/types\/product"}],"wp:featuredmedia":[{"embeddable":true,"href":"https:\/\/shop.militaria.at\/fr\/wp-json\/wp\/v2\/media\/3506"}],"wp:attachment":[{"href":"https:\/\/shop.militaria.at\/fr\/wp-json\/wp\/v2\/media?parent=1008"}],"wp:term":[{"taxonomy":"product_brand","embeddable":true,"href":"https:\/\/shop.militaria.at\/fr\/wp-json\/wp\/v2\/product_brand?post=1008"},{"taxonomy":"product_cat","embeddable":true,"href":"https:\/\/shop.militaria.at\/fr\/wp-json\/wp\/v2\/product_cat?post=1008"},{"taxonomy":"product_tag","embeddable":true,"href":"https:\/\/shop.militaria.at\/fr\/wp-json\/wp\/v2\/product_tag?post=1008"},{"taxonomy":"test","embeddable":true,"href":"https:\/\/shop.militaria.at\/fr\/wp-json\/wp\/v2\/test?post=1008"},{"taxonomy":"autoren","embeddable":true,"href":"https:\/\/shop.militaria.at\/fr\/wp-json\/wp\/v2\/autoren?post=1008"}],"curies":[{"name":"wp","href":"https:\/\/api.w.org\/{rel}","templated":true}]}}