{"id":1055,"date":"2000-03-08T09:17:02","date_gmt":"2000-03-08T08:17:02","guid":{"rendered":"http:\/\/shop.militaria.at\/product\/la-guerre-franco-prussienne-de-1870-1871\/"},"modified":"2025-10-28T16:29:31","modified_gmt":"2025-10-28T15:29:31","slug":"la-guerre-franco-prussienne-de-1870-1871","status":"publish","type":"product","link":"https:\/\/shop.militaria.at\/fr\/product\/la-guerre-franco-prussienne-de-1870-1871\/","title":{"rendered":"La Guerre Franco-Prussienne de\u00a01870-1871"},"content":{"rendered":"<p>Tome 1<br \/>\nLa derni\u00e8re des dites \u00ab guerres d\u2019unification allemandes \u00bb commen\u00e7a en juillet 1870. D\u00e8s le d\u00e9but, les troupes des \u00c9tats du nord de l\u2019Allemagne firent cause commune avec la Prusse, mais la conf\u00e9d\u00e9ration put \u00e9galement compter sur les arm\u00e9es de tous les autres \u00c9tats allemands, y compris des royaumes du sud. En septembre 1870, au cours d\u2019une s\u00e9rie de batailles meurtri\u00e8res, cette puissance \u00ab multinationale \u00bb, initialement compos\u00e9e de trois arm\u00e9es, contraignit l\u2019arm\u00e9e imp\u00e9riale fran\u00e7aise \u00e0 se retirer des fronti\u00e8res pour finalement l\u2019encercler \u00e0 Metz et la vaincre \u00e0 Sedan. Apr\u00e8s l\u2019abdication de Napol\u00e9on III, la R\u00e9publique fran\u00e7aise proclam\u00e9e le 4 septembre 1870 poursuivit la lutte. Cette guerre de \u00ab princes \u00bb devint alors une guerre du peuple qui, \u00e0 bien des \u00e9gards, pr\u00e9sagea les guerres du XXe si\u00e8cle o\u00f9 l\u2019action des partisans et le fait de prendre les civils pour cibles devinrent choses courantes.<br \/>\nEn Allemagne, la guerre de 1870-1871 commen\u00e7a \u00e0 dispara\u00eetre de la conscience publique avant m\u00eame 1945. Ce qui reste aujourd\u2019hui sont au mieux de vagues repr\u00e9sentations de batailles color\u00e9es et sans cons\u00e9quence, ou le nom d\u2019Otto von Bismarck. Mais les souffrances r\u00e9elles des soldats ou de la population civile ne sont pas les seules choses qui sont tomb\u00e9es dans l\u2019oubli. Une vraie connaissance de l\u2019apparence des deux arm\u00e9es fait aujourd\u2019hui d\u00e9faut. Durant la guerre franco-prussienne, les arm\u00e9es allemandes ont combattu pour la derni\u00e8re fois sous des uniformes diff\u00e9rents et, contrairement \u00e0 une opinion r\u00e9pandue, elles ne formaient pas une arm\u00e9e universellement coiff\u00e9e de casques \u00e0 pointes. Si les arm\u00e9es allemandes ont continu\u00e9 \u00e0 porter leurs uniformes apr\u00e8s la guerre, de nombreuses prises et troph\u00e9es ont fait leur chemin jusque dans les collections des mus\u00e9es, surpassant ainsi en nombre les uniformes et \u00e9quipements allemands contemporains. Dans ce volume, des pi\u00e8ces originales conserv\u00e9es dans des collections publiques et priv\u00e9es seront pr\u00e9sent\u00e9es et d\u00e9crites, mais elles seront aussi accompagn\u00e9es de photographies historiques, de peintures et d\u2019images afin de constituer pour la premi\u00e8re fois un recueil complet sur l\u2019organisation et les uniformes des arm\u00e9es allemandes pendant la guerre de 1870-1871. Cet ouvrage est compl\u00e9t\u00e9 par un second volume qui porte sur les arm\u00e9es fran\u00e7aises de l\u2019Empire et de la R\u00e9publique.<\/p>\n<p>Tome 2<br \/>\nM\u00eame si cela se manifeste de mani\u00e8re moins prononc\u00e9e qu\u2019en Allemagne, le conflit de 1870 est largement tomb\u00e9 dans l\u2019oubli en France depuis les deux guerres mondiales. Peu d\u2019\u00e9v\u00e9nements sont pourtant plus d\u00e9cisifs dans l\u2019histoire de ce pays. Le r\u00e8gne de Napol\u00e9on III avait \u00e9lev\u00e9 la France au rang de grande puissance. \u00ab Ma\u00eetre des terres \u00bb \u00e0 l\u2019issue des guerres de Crim\u00e9e et d\u2019Italie dans l\u2019Europe de 1860, la France talonnait la Grande-Bretagne pour devenir \u00ab ma\u00eetre des mers \u00bb et ce au moyen d\u2019op\u00e9rations ext\u00e9rieures men\u00e9es \u00e0 une \u00e9chelle plan\u00e9taire. Ce pays prosp\u00e8re, redevenu dominant, va pourtant d\u00e9clarer la guerre \u00e0 la Prusse avec la plus grande l\u00e9g\u00e8ret\u00e9, ce qui va lui co\u00fbter, \u00e0 jamais, sa pr\u00e9pond\u00e9rance continentale. De surcro\u00eet, la d\u00e9faite permet \u00e0 une R\u00e9publique bourgeoise, rurale et mod\u00e9r\u00e9e de s\u2019enraciner durablement au cours de ce tournant politique et social majeur.<br \/>\n\u00c0 l\u2019aide de collections qu\u2019il a parfois \u00e9t\u00e9 difficile de pr\u00e9senter malgr\u00e9 la richesse du patrimoine national, ce livre veut faire revivre l\u2019incroyable diversit\u00e9 des arm\u00e9es fran\u00e7aises de 1870. Cette diversit\u00e9 s\u2019illustre dans les rangs de l\u2019arm\u00e9e imp\u00e9riale vaincue durant l\u2019\u00e9t\u00e9, avec ses unit\u00e9s de la Garde imp\u00e9riale, ses r\u00e9giments d\u2019\u00e9lite ou encore ses corps de l\u2019arm\u00e9e d\u2019Afrique. Elle est aussi visible au sein des r\u00e9giments de marche, Mobiles, Gardes Nationaux et francs-tireurs, c\u2019est-\u00e0-dire des arm\u00e9es de la D\u00e9fense Nationale qui poursuivent les combats durant la phase r\u00e9publicaine du conflit. C\u2019est finalement le quotidien du soldat, les valeurs militaires, les id\u00e9es de l\u2019\u00e9poque, et sans doute aussi une part de l\u2019identit\u00e9 nationale que les uniformes, \u00e9quipements, peintures et photographies pr\u00e9sent\u00e9s dans cet ouvrage permettent de cerner au plus pr\u00e8s.<\/p>\n","protected":false},"excerpt":{"rendered":"<p>Uniformes et \u00e9quipement des arm\u00e9es allemandes et fran\u00e7aises<\/p>\n","protected":false},"featured_media":14104,"template":"","meta":{"site-sidebar-layout":"default","site-content-layout":"default","ast-main-header-display":"","ast-hfb-above-header-display":"","ast-hfb-below-header-display":"","ast-hfb-mobile-header-display":"","site-post-title":"","ast-breadcrumbs-content":"","ast-featured-img":"","footer-sml-layout":"","theme-transparent-header-meta":"default","adv-header-id-meta":"","stick-header-meta":"default","header-above-stick-meta":"","header-main-stick-meta":"","header-below-stick-meta":""},"product_brand":[],"product_cat":[1000],"product_tag":[],"test":[312],"autoren":[417,418,419,420],"class_list":{"0":"post-1055","1":"product","2":"type-product","3":"status-publish","4":"has-post-thumbnail","6":"product_cat-uniformes-et-equipement","7":"test-312","8":"autoren-christophe-pommier-fr","9":"autoren-gerhard-bauer-fr","10":"autoren-laurent-mirouze-fr","11":"autoren-louis-delperier-fr","12":"align-center","13":"box-shadow-1","14":"box-shadow-2-hover","15":"ast-product-gallery-layout-horizontal","16":"ast-product-tabs-layout-horizontal","18":"first","19":"outofstock","20":"taxable","21":"shipping-taxable","22":"purchasable","23":"product-type-simple"},"_links":{"self":[{"href":"https:\/\/shop.militaria.at\/fr\/wp-json\/wp\/v2\/product\/1055","targetHints":{"allow":["GET"]}}],"collection":[{"href":"https:\/\/shop.militaria.at\/fr\/wp-json\/wp\/v2\/product"}],"about":[{"href":"https:\/\/shop.militaria.at\/fr\/wp-json\/wp\/v2\/types\/product"}],"wp:featuredmedia":[{"embeddable":true,"href":"https:\/\/shop.militaria.at\/fr\/wp-json\/wp\/v2\/media\/14104"}],"wp:attachment":[{"href":"https:\/\/shop.militaria.at\/fr\/wp-json\/wp\/v2\/media?parent=1055"}],"wp:term":[{"taxonomy":"product_brand","embeddable":true,"href":"https:\/\/shop.militaria.at\/fr\/wp-json\/wp\/v2\/product_brand?post=1055"},{"taxonomy":"product_cat","embeddable":true,"href":"https:\/\/shop.militaria.at\/fr\/wp-json\/wp\/v2\/product_cat?post=1055"},{"taxonomy":"product_tag","embeddable":true,"href":"https:\/\/shop.militaria.at\/fr\/wp-json\/wp\/v2\/product_tag?post=1055"},{"taxonomy":"test","embeddable":true,"href":"https:\/\/shop.militaria.at\/fr\/wp-json\/wp\/v2\/test?post=1055"},{"taxonomy":"autoren","embeddable":true,"href":"https:\/\/shop.militaria.at\/fr\/wp-json\/wp\/v2\/autoren?post=1055"}],"curies":[{"name":"wp","href":"https:\/\/api.w.org\/{rel}","templated":true}]}}