{"id":13192,"date":"2000-03-21T14:31:15","date_gmt":"2000-03-21T13:31:15","guid":{"rendered":"https:\/\/shop.militaria.at\/product\/1870-71-en-couleur\/"},"modified":"2025-09-29T09:19:07","modified_gmt":"2025-09-29T08:19:07","slug":"1870-71-en-couleur","status":"publish","type":"product","link":"https:\/\/shop.militaria.at\/fr\/product\/1870-71-en-couleur\/","title":{"rendered":"1870\/71 en couleur"},"content":{"rendered":"<p>En 1870\/71, les arm\u00e9es allemandes avaient pr\u00e9vu de partir en guerre contre la France de la mani\u00e8re la plus unie et disciplin\u00e9e possible, avec des uniformes et \u00e9quipements conformes au r\u00e8glement. La r\u00e9alit\u00e9 fut souvent tout autre et cette discr\u00e9pance n\u2019a, jusqu\u2019\u00e0 pr\u00e9sent, que peu retenu l\u2019attention.<\/p>\n<p>L\u2019apparence du soldat dans le quotidien militaire suscite l\u2019int\u00e9r\u00eat des historiens comme des sp\u00e9cialistes de l\u2019uniforme. Les soldats en campagne \u00e9taient toujours oblig\u00e9s d&rsquo;improviser. Les intemp\u00e9ries les pouss\u00e8rent \u00e0 se d\u00e9barrasser d\u2019uniformes et de v\u00eatements inconfortables et \u00e0 les abandonner. Souvent, le ravitaillement n\u2019\u00e9tait pas assur\u00e9 et, par temps glacial, il \u00e9tait parfois plus judicieux de rev\u00eatir l\u2019uniforme de l\u2019ennemi plut\u00f4t que de mourir de froid, m\u00eame au risque de susciter des tirs fratricides.<\/p>\n<p>Ce livre se base sur de nombreux r\u00e9cits d\u2019exp\u00e9riences, notes et anecdotes concernant l\u2019apparence des troupes allemandes de 1870\/71, compil\u00e9s par l\u2019auteur Markus Stein. Il s\u2019agit de descriptions de premi\u00e8re main de soldats marchant des jours durant ou montant \u00e0 cheval avec leur uniforme tremp\u00e9 par la pluie. L\u2019ouvrage n\u2019opte pas pour la structure classique qui suit les diff\u00e9rents \u00c9tats allemands et leurs branches de service. Apr\u00e8s une br\u00e8ve introduction sur l&rsquo;\u00e9volution g\u00e9n\u00e9rale de l\u2019uniforme, l\u2019auteur se penche sur les diff\u00e9rentes pi\u00e8ces d\u2019uniforme comme les pantalons, les chaussures ou les couvre-chefs. Ce livre offre \u00e9galement un aper\u00e7u int\u00e9ressant de l&rsquo;exp\u00e9rience des soldats avec leurs armes de poing.<\/p>\n<p>Cet ouvrage se consacre au th\u00e8me de recherche du d\u00e9sordre dans l\u2019apparence autrement strictement r\u00e9glement\u00e9e des troupes. Les descriptions saisissantes sont compl\u00e9t\u00e9es par 31 photos en noir et blanc coloris\u00e9es ult\u00e9rieurement par Luc Heinrich, faisant ainsi revivre les soldats de la guerre de 1870\/71. Les photographies s\u00e9lectionn\u00e9es offrent une vue d\u2019ensemble aussi large que possible des troupes impliqu\u00e9es.<\/p>\n","protected":false},"excerpt":{"rendered":"<p>Uniforme et \u00e9quipement \u2013 Exp\u00e9riences personnelles de soldats allemands pendant la guerre franco-allemande<\/p>\n","protected":false},"featured_media":11639,"template":"","meta":{"site-sidebar-layout":"default","site-content-layout":"default","ast-main-header-display":"","ast-hfb-above-header-display":"","ast-hfb-below-header-display":"","ast-hfb-mobile-header-display":"","site-post-title":"","ast-breadcrumbs-content":"","ast-featured-img":"","footer-sml-layout":"","theme-transparent-header-meta":"","adv-header-id-meta":"","stick-header-meta":"","header-above-stick-meta":"","header-main-stick-meta":"","header-below-stick-meta":""},"product_brand":[],"product_cat":[997],"product_tag":[],"test":[],"autoren":[441],"class_list":{"0":"post-13192","1":"product","2":"type-product","3":"status-publish","4":"has-post-thumbnail","6":"product_cat-histoire-militaire-journaux-intimes-et-litterature","7":"autoren-markus-stein-fr","8":"align-center","9":"box-shadow-1","10":"box-shadow-2-hover","11":"ast-product-gallery-layout-horizontal","12":"ast-product-tabs-layout-horizontal","14":"first","15":"instock","16":"taxable","17":"shipping-taxable","18":"purchasable","19":"product-type-simple"},"_links":{"self":[{"href":"https:\/\/shop.militaria.at\/fr\/wp-json\/wp\/v2\/product\/13192","targetHints":{"allow":["GET"]}}],"collection":[{"href":"https:\/\/shop.militaria.at\/fr\/wp-json\/wp\/v2\/product"}],"about":[{"href":"https:\/\/shop.militaria.at\/fr\/wp-json\/wp\/v2\/types\/product"}],"wp:featuredmedia":[{"embeddable":true,"href":"https:\/\/shop.militaria.at\/fr\/wp-json\/wp\/v2\/media\/11639"}],"wp:attachment":[{"href":"https:\/\/shop.militaria.at\/fr\/wp-json\/wp\/v2\/media?parent=13192"}],"wp:term":[{"taxonomy":"product_brand","embeddable":true,"href":"https:\/\/shop.militaria.at\/fr\/wp-json\/wp\/v2\/product_brand?post=13192"},{"taxonomy":"product_cat","embeddable":true,"href":"https:\/\/shop.militaria.at\/fr\/wp-json\/wp\/v2\/product_cat?post=13192"},{"taxonomy":"product_tag","embeddable":true,"href":"https:\/\/shop.militaria.at\/fr\/wp-json\/wp\/v2\/product_tag?post=13192"},{"taxonomy":"test","embeddable":true,"href":"https:\/\/shop.militaria.at\/fr\/wp-json\/wp\/v2\/test?post=13192"},{"taxonomy":"autoren","embeddable":true,"href":"https:\/\/shop.militaria.at\/fr\/wp-json\/wp\/v2\/autoren?post=13192"}],"curies":[{"name":"wp","href":"https:\/\/api.w.org\/{rel}","templated":true}]}}