{"id":982,"date":"2000-03-10T09:16:15","date_gmt":"2000-03-10T08:16:15","guid":{"rendered":"http:\/\/shop.militaria.at\/product\/les-belges-dans-larmee-des-habsbourg\/"},"modified":"2025-10-23T18:52:33","modified_gmt":"2025-10-23T17:52:33","slug":"les-belges-dans-larmee-des-habsbourg","status":"publish","type":"product","link":"https:\/\/shop.militaria.at\/fr\/product\/les-belges-dans-larmee-des-habsbourg\/","title":{"rendered":"Les Belges dans l\u2019arm\u00e9e des Habsbourg"},"content":{"rendered":"<p>Le souvenir des Belges dans l\u2019arm\u00e9e des Habsbourg d\u2019Autriche au 18e si\u00e8cle semble s\u2019\u00eatre compl\u00e8tement perdu. Leur r\u00e9putation fut pourtant tr\u00e8s \u00e9lev\u00e9e, ils compt\u00e8rent dix-sept feldmar\u00e9chaux et une cinquantaine de g\u00e9n\u00e9raux. Les unit\u00e9s belges \u00e9taient identififi\u00e9es comme telles : on les qualififiait de \u00ab wallonnes \u00bb, recrut\u00e9es aux \u00ab Pays-Bas \u00bb. Il y avait cinq regiments d\u2019infanterie, des corps francs, un r\u00e9giment de cavalerie, de l\u2019artillerie et du g\u00e9nie, veritable embryon d\u2019une arm\u00e9e nationale compl\u00e8te. Ces unit\u00e9s s\u2019illustr\u00e8rent durant la guerre de Sept Ans (1756-1763) contre les Prussiens de Fr\u00e9d\u00e9ric II. Les victoires autrichiennes de Kolin, de Hochkirch, de Domstadtl et d\u2019Adelsbach, entre autres, leur sont dues en grande partie. Contre la France r\u00e9volutionnaire, les \u00ab r\u00e9giments nationaux \u00bb \u2013 comme on les appelait dans les Pays-Bas autrichiens \u2013 furent notamment engag\u00e9s \u00e0 Neerwinden, \u00e0 Valenciennes, \u00e0 Fleurus, \u00e0 Wu\u0308rzburg, \u00e0 Stockach, \u00e0 la Trebbia et \u00e0 Marengo. Au-del\u00e0 de l\u2019historiographie glorififiante du 19e si\u00e8cle, les archives comme les t\u00e9moignages de leurs adversaires confifirment leur valeur et leur professionnalisme.<br \/>\nLa contribution belge fut aussi intellectuelle, ce qui n\u2019a jamais \u00e9t\u00e9 suffifisamment reconnu. Le prince Charles-Joseph de Ligne, on le sait, fut sans doute le plus important penseur militaire autrichien du 18e si\u00e8cle mais beaucoup d\u2019autres offificiers flflamands, wallons et bruxellois \u00e9taient employ\u00e9s par l\u2019arm\u00e9e des Habsbourg pour leurs talents de tacticien, d\u2019ing\u00e9nieur, de dessinateur ou de cartographe. Il y avait l\u00e0 une sp\u00e9cifificit\u00e9 belge li\u00e9e au degr\u00e9 d\u2019instruction avanc\u00e9 et \u00e0 la prosp\u00e9rit\u00e9 mat\u00e9rielle des Pays-Bas au sein des multiples possessions des Habsbourg.<br \/>\nCet ouvrage expose le parcours de tous ces hommes injustement oubli\u00e9s d\u2019une fa\u00e7on tout \u00e0 fait nouvelle, en s\u2019appuyant non seulement sur des sources de premi\u00e8re main mais aussi sur une iconographie jamais rassembl\u00e9e jusqu\u2019ici. Celle-ci est d\u2019autant plus pr\u00e9cieuse que la monarchie autrichienne n\u2019a pas subventionn\u00e9 comme en France de nombreuses \u00ab peintures de bataille \u00bb. Elle n\u2019a pas non plus, contrairement \u00e0 la Prusse par exemple, veill\u00e9 \u00e0 pr\u00e9server les uniformes anciens de ses arm\u00e9es.<br \/>\nLe Mus\u00e9e royal de l\u2019Arm\u00e9e et d\u2019Histoire militaire de Bruxelles d\u00e9tient cependant quantit\u00e9 de t\u00e9moignages mat\u00e9riels, imprim\u00e9s et manuscrits de cette \u00e9poque : ils sont tous expos\u00e9s dans ce livre. Les ch\u00e2teaux de Belgique, et d\u2019abord celui de Beloeoeil, ont autoris\u00e9 la reproduction de leurs tr\u00e9sors de famille : portraits, plans de bataille en couleurs, armes, pieces d\u2019\u00e9quipements et d\u2019uniformes. L\u2019Universit\u00e9 de Namur d\u00e9tient en sa biblioth\u00e8que deux fonds d\u2019ouvrages anciens relatifs \u00e0 Charles-Joseph de Ligne, feld-mar\u00e9chal et \u00e9crivain. Le Heeresgeschichtliches Museum de Vienne s\u2019est joint \u00e0 l\u2019aventure avec d\u2019autres institutions autrichiennes, belges, luxembourgeoises et allemandes, pour faire de ce livre un veritable catalogue d\u2019objets de collection et la somme picturale la plus compl\u00e8te sur la puissante arm\u00e9e des Habsbourg dans la deuxi\u00e8me moiti\u00e9 du 18e si\u00e8cle et au d\u00e9but du 19e.<\/p>\n","protected":false},"excerpt":{"rendered":"<p>R\u00e9giments et personnalit\u00e9s militaires des Pays-Bas autrichiens, 1756\u20131815<\/p>\n","protected":false},"featured_media":3114,"template":"","meta":{"site-sidebar-layout":"default","site-content-layout":"default","ast-main-header-display":"","ast-hfb-above-header-display":"","ast-hfb-below-header-display":"","ast-hfb-mobile-header-display":"","site-post-title":"","ast-breadcrumbs-content":"","ast-featured-img":"","footer-sml-layout":"","theme-transparent-header-meta":"default","adv-header-id-meta":"","stick-header-meta":"default","header-above-stick-meta":"","header-main-stick-meta":"","header-below-stick-meta":""},"product_brand":[],"product_cat":[997],"product_tag":[],"test":[],"autoren":[838,851],"class_list":{"0":"post-982","1":"product","2":"type-product","3":"status-publish","4":"has-post-thumbnail","6":"product_cat-histoire-militaire-journaux-intimes-et-litterature","7":"autoren-pierre-lierneux-fr","8":"autoren-prof-dr-bruno-colson-fr","9":"align-center","10":"box-shadow-1","11":"box-shadow-2-hover","12":"ast-product-gallery-layout-horizontal","13":"ast-product-tabs-layout-horizontal","15":"first","16":"instock","17":"taxable","18":"shipping-taxable","19":"purchasable","20":"product-type-simple"},"_links":{"self":[{"href":"https:\/\/shop.militaria.at\/fr\/wp-json\/wp\/v2\/product\/982","targetHints":{"allow":["GET"]}}],"collection":[{"href":"https:\/\/shop.militaria.at\/fr\/wp-json\/wp\/v2\/product"}],"about":[{"href":"https:\/\/shop.militaria.at\/fr\/wp-json\/wp\/v2\/types\/product"}],"wp:featuredmedia":[{"embeddable":true,"href":"https:\/\/shop.militaria.at\/fr\/wp-json\/wp\/v2\/media\/3114"}],"wp:attachment":[{"href":"https:\/\/shop.militaria.at\/fr\/wp-json\/wp\/v2\/media?parent=982"}],"wp:term":[{"taxonomy":"product_brand","embeddable":true,"href":"https:\/\/shop.militaria.at\/fr\/wp-json\/wp\/v2\/product_brand?post=982"},{"taxonomy":"product_cat","embeddable":true,"href":"https:\/\/shop.militaria.at\/fr\/wp-json\/wp\/v2\/product_cat?post=982"},{"taxonomy":"product_tag","embeddable":true,"href":"https:\/\/shop.militaria.at\/fr\/wp-json\/wp\/v2\/product_tag?post=982"},{"taxonomy":"test","embeddable":true,"href":"https:\/\/shop.militaria.at\/fr\/wp-json\/wp\/v2\/test?post=982"},{"taxonomy":"autoren","embeddable":true,"href":"https:\/\/shop.militaria.at\/fr\/wp-json\/wp\/v2\/autoren?post=982"}],"curies":[{"name":"wp","href":"https:\/\/api.w.org\/{rel}","templated":true}]}}