{"id":990,"date":"2000-01-15T09:16:35","date_gmt":"2000-01-15T08:16:35","guid":{"rendered":"http:\/\/shop.militaria.at\/product\/larmee-francaise-volume-2\/"},"modified":"2025-10-27T15:16:01","modified_gmt":"2025-10-27T14:16:01","slug":"larmee-francaise-volume-2","status":"publish","type":"product","link":"https:\/\/shop.militaria.at\/fr\/product\/larmee-francaise-volume-2\/","title":{"rendered":"L\u2019Arm\u00e9e Fran\u00e7aise, Dome 2"},"content":{"rendered":"<p>Cet ouvrage de 640 pages pr\u00e9sente la formidable \u00e9volution des uniformes, armements et \u00e9quipements de larm\u00e9e fran\u00e7aise depuis la mobilisation dao\u00fbt 1914 jusqu\u00e0 larmistice de novembre 1918. Il compl\u00e8te ainsi louvrage publi\u00e9 en 2007 sur larm\u00e9e fran\u00e7aise \u00e0 lentr\u00e9e en guerre. Plusieurs centaines duniformes et dobjets appartenant au mus\u00e9e de larm\u00e9e de Paris, \u00e0 dautres mus\u00e9es prestigieux et \u00e0 de riches collections priv\u00e9es ont \u00e9t\u00e9 photographi\u00e9s dans ce superbe format caract\u00e9ristique des \u00e9ditions verlag-militaria. Lacc\u00e8s \u00e0 ces collections exceptionnelles et lexploitation darchives peu connues ont permis dexplorer des domaines nouveaux. Le lecteur d\u00e9couvrira avec \u00e9tonnement des illustrations jamais publi\u00e9es dans des domaines aussi vari\u00e9s que la\u00e9ronautique, les blindages individuels ou encore les masques de protection contre les gaz. Les uniformes et objets personnels des plus grands chefs militaires fran\u00e7ais sont \u00e9galement pour la premi\u00e8re fois pr\u00e9sent\u00e9s au public dans des conditions optimales de photographie. Enfin une incroyable iconographie d\u00e9poque, puis\u00e9e au plus profond de fonds photographiques pour la plupart inexploit\u00e9s jusqualors, ach\u00e8ve de faire de cet ouvrage une r\u00e9f\u00e9rence incontestable sur luniformologie fran\u00e7aise de la premi\u00e8re guerre mondiale.<\/p>\n","protected":false},"excerpt":{"rendered":"<p>dans la Permi\u00e8re Guerre Mondiale \u2013 1914 \u00e0 1918<\/p>\n","protected":false},"featured_media":3722,"template":"","meta":{"site-sidebar-layout":"default","site-content-layout":"default","ast-main-header-display":"","ast-hfb-above-header-display":"","ast-hfb-below-header-display":"","ast-hfb-mobile-header-display":"","site-post-title":"","ast-breadcrumbs-content":"","ast-featured-img":"","footer-sml-layout":"","theme-transparent-header-meta":"default","adv-header-id-meta":"","stick-header-meta":"default","header-above-stick-meta":"","header-main-stick-meta":"","header-below-stick-meta":""},"product_brand":[],"product_cat":[1000],"product_tag":[],"test":[],"autoren":[419,891],"class_list":{"0":"post-990","1":"product","2":"type-product","3":"status-publish","4":"has-post-thumbnail","6":"product_cat-uniformes-et-equipement","7":"autoren-laurent-mirouze-fr","8":"autoren-stephane-dekerle-fr","9":"align-center","10":"box-shadow-1","11":"box-shadow-2-hover","12":"ast-product-gallery-layout-horizontal","13":"ast-product-tabs-layout-horizontal","15":"first","16":"instock","17":"taxable","18":"shipping-taxable","19":"purchasable","20":"product-type-simple"},"_links":{"self":[{"href":"https:\/\/shop.militaria.at\/fr\/wp-json\/wp\/v2\/product\/990","targetHints":{"allow":["GET"]}}],"collection":[{"href":"https:\/\/shop.militaria.at\/fr\/wp-json\/wp\/v2\/product"}],"about":[{"href":"https:\/\/shop.militaria.at\/fr\/wp-json\/wp\/v2\/types\/product"}],"wp:featuredmedia":[{"embeddable":true,"href":"https:\/\/shop.militaria.at\/fr\/wp-json\/wp\/v2\/media\/3722"}],"wp:attachment":[{"href":"https:\/\/shop.militaria.at\/fr\/wp-json\/wp\/v2\/media?parent=990"}],"wp:term":[{"taxonomy":"product_brand","embeddable":true,"href":"https:\/\/shop.militaria.at\/fr\/wp-json\/wp\/v2\/product_brand?post=990"},{"taxonomy":"product_cat","embeddable":true,"href":"https:\/\/shop.militaria.at\/fr\/wp-json\/wp\/v2\/product_cat?post=990"},{"taxonomy":"product_tag","embeddable":true,"href":"https:\/\/shop.militaria.at\/fr\/wp-json\/wp\/v2\/product_tag?post=990"},{"taxonomy":"test","embeddable":true,"href":"https:\/\/shop.militaria.at\/fr\/wp-json\/wp\/v2\/test?post=990"},{"taxonomy":"autoren","embeddable":true,"href":"https:\/\/shop.militaria.at\/fr\/wp-json\/wp\/v2\/autoren?post=990"}],"curies":[{"name":"wp","href":"https:\/\/api.w.org\/{rel}","templated":true}]}}