{"id":15239,"date":"2025-12-16T11:04:50","date_gmt":"2025-12-16T10:04:50","guid":{"rendered":"https:\/\/shop.militaria.at\/dostava-i-isporuka\/"},"modified":"2025-12-16T11:04:50","modified_gmt":"2025-12-16T10:04:50","slug":"dostava-i-isporuka","status":"publish","type":"page","link":"https:\/\/shop.militaria.at\/hr\/dostava-i-isporuka\/","title":{"rendered":"Dostava i isporuka"},"content":{"rendered":"<p>Cijene, tro\u0161kovi dostave i informacije o isporuci<\/p>\n<p>Navedeno je da cijene na stranicama proizvoda uklju\u010duju zakonski propisani porez na dodanu vrijednost i druge komponente cijene.<\/p>\n<p>Tro\u0161kovi dostave jasno su nazna\u010deni u sustavu ko\u0161arice i ponovno na stranici narud\u017ebe.<\/p>\n","protected":false},"excerpt":{"rendered":"<p>Cijene, tro\u0161kovi dostave i informacije o isporuci Navedeno je da cijene na stranicama proizvoda uklju\u010duju zakonski propisani porez na dodanu vrijednost i druge komponente cijene. Tro\u0161kovi dostave jasno su nazna\u010deni u sustavu ko\u0161arice i ponovno na stranici narud\u017ebe.<\/p>\n","protected":false},"author":1,"featured_media":0,"parent":0,"menu_order":0,"comment_status":"closed","ping_status":"closed","template":"","meta":{"site-sidebar-layout":"default","site-content-layout":"default","ast-main-header-display":"","ast-hfb-above-header-display":"","ast-hfb-below-header-display":"","ast-hfb-mobile-header-display":"","site-post-title":"","ast-breadcrumbs-content":"","ast-featured-img":"","footer-sml-layout":"","theme-transparent-header-meta":"","adv-header-id-meta":"","stick-header-meta":"","header-above-stick-meta":"","header-main-stick-meta":"","header-below-stick-meta":"","footnotes":""},"class_list":["post-15239","page","type-page","status-publish","hentry"],"_links":{"self":[{"href":"https:\/\/shop.militaria.at\/hr\/wp-json\/wp\/v2\/pages\/15239","targetHints":{"allow":["GET"]}}],"collection":[{"href":"https:\/\/shop.militaria.at\/hr\/wp-json\/wp\/v2\/pages"}],"about":[{"href":"https:\/\/shop.militaria.at\/hr\/wp-json\/wp\/v2\/types\/page"}],"author":[{"embeddable":true,"href":"https:\/\/shop.militaria.at\/hr\/wp-json\/wp\/v2\/users\/1"}],"replies":[{"embeddable":true,"href":"https:\/\/shop.militaria.at\/hr\/wp-json\/wp\/v2\/comments?post=15239"}],"version-history":[{"count":0,"href":"https:\/\/shop.militaria.at\/hr\/wp-json\/wp\/v2\/pages\/15239\/revisions"}],"wp:attachment":[{"href":"https:\/\/shop.militaria.at\/hr\/wp-json\/wp\/v2\/media?parent=15239"}],"curies":[{"name":"wp","href":"https:\/\/api.w.org\/{rel}","templated":true}]}}