{"id":1045,"date":"2000-01-22T09:16:53","date_gmt":"2000-01-22T08:16:53","guid":{"rendered":"http:\/\/shop.militaria.at\/product\/odlikovanja-srbije-i-jugoslavije\/"},"modified":"2025-10-23T18:47:02","modified_gmt":"2025-10-23T17:47:02","slug":"odlikovanja-srbije-i-jugoslavije","status":"publish","type":"product","link":"https:\/\/shop.militaria.at\/hr\/product\/odlikovanja-srbije-i-jugoslavije\/","title":{"rendered":"Odlikovanja Srbije i Jugoslavije"},"content":{"rendered":"<p>Na 640 stranica ove publikacije obra\u0111eno je vi\u0161e od 600 raznih odlikovanja Kne\u017eevine Srbije, Kraljevina Srbije, SHS a, te Jugoslavije, od prve srpske medalje iz 1859. pa sve do sloma Kraljevine Jugoslavije u travnju 1941. Brojni ordeni i medalje prikazani su u prirodnoj veli\u010dini, zajedno s pripadaju\u0107im autenti\u010dnim vrpcama, kutijama i poveljama. Knjiga sadr\u017ei detaljni pregled zakonskih odredbi vezanih za utemeljenje i dodjeljivanje svakog pojedinog odlikovanja, kao i podatke o brojnim majstorima i radionicama koje su se bavile njihovim izradom.<br \/>\nTijekom prikupljanja gra\u0111e za ovu publikaciju autorima je omogu\u0107en detaljan uvid u neke od najzna\u010dajnijih muzejskih i privatnih zbirki, pa su u knjizi, izme\u0111u ostalog, prikazana odlikovanja koja su pripadala poznatim povijesnim li\u010dnostima kao \u0161to su, primjerice, austrougarski car Franjo Josip I., turski sultan Mehmed V., badenski knez Friedrich I., generali Jovan Belimarkovi\u0107 i Milojko Le\u0161janin, ministar Jovan Avakumovi\u0107 i brojni drugi. U slu\u010daju pojedinih odlikovanja \u010ditateljima je skrenuta pozornost i na sve brojnije krivotvorine koje se posljednjih godina sve \u010de\u0161\u0107e pojavljuju na tr\u017ei\u0161tu.<br \/>\nSve navedeno prikazano je na gotovo 2000 fotografija u boji, a ovakav sveobuhvatan prikaz po prvi je puta iznesen u publikaciji koja se bavi nekom od tema s podru\u010dja faleristike.<\/p>\n","protected":false},"excerpt":{"rendered":"<p>Od 1859. do 1941.<\/p>\n","protected":false},"featured_media":6793,"template":"","meta":{"site-sidebar-layout":"default","site-content-layout":"default","ast-main-header-display":"","ast-hfb-above-header-display":"","ast-hfb-below-header-display":"","ast-hfb-mobile-header-display":"","site-post-title":"","ast-breadcrumbs-content":"","ast-featured-img":"","footer-sml-layout":"","theme-transparent-header-meta":"default","adv-header-id-meta":"","stick-header-meta":"default","header-above-stick-meta":"","header-main-stick-meta":"","header-below-stick-meta":""},"product_brand":[],"product_cat":[],"product_tag":[],"test":[],"autoren":[808,919],"class_list":{"0":"post-1045","1":"product","2":"type-product","3":"status-publish","4":"has-post-thumbnail","6":"autoren-pavel-car-hr","7":"autoren-tomislav-muhic-hr","8":"align-center","9":"box-shadow-1","10":"box-shadow-2-hover","11":"ast-product-gallery-layout-horizontal","12":"ast-product-tabs-layout-horizontal","14":"first","15":"instock","16":"taxable","17":"shipping-taxable","18":"purchasable","19":"product-type-simple"},"_links":{"self":[{"href":"https:\/\/shop.militaria.at\/hr\/wp-json\/wp\/v2\/product\/1045","targetHints":{"allow":["GET"]}}],"collection":[{"href":"https:\/\/shop.militaria.at\/hr\/wp-json\/wp\/v2\/product"}],"about":[{"href":"https:\/\/shop.militaria.at\/hr\/wp-json\/wp\/v2\/types\/product"}],"wp:featuredmedia":[{"embeddable":true,"href":"https:\/\/shop.militaria.at\/hr\/wp-json\/wp\/v2\/media\/6793"}],"wp:attachment":[{"href":"https:\/\/shop.militaria.at\/hr\/wp-json\/wp\/v2\/media?parent=1045"}],"wp:term":[{"taxonomy":"product_brand","embeddable":true,"href":"https:\/\/shop.militaria.at\/hr\/wp-json\/wp\/v2\/product_brand?post=1045"},{"taxonomy":"product_cat","embeddable":true,"href":"https:\/\/shop.militaria.at\/hr\/wp-json\/wp\/v2\/product_cat?post=1045"},{"taxonomy":"product_tag","embeddable":true,"href":"https:\/\/shop.militaria.at\/hr\/wp-json\/wp\/v2\/product_tag?post=1045"},{"taxonomy":"test","embeddable":true,"href":"https:\/\/shop.militaria.at\/hr\/wp-json\/wp\/v2\/test?post=1045"},{"taxonomy":"autoren","embeddable":true,"href":"https:\/\/shop.militaria.at\/hr\/wp-json\/wp\/v2\/autoren?post=1045"}],"curies":[{"name":"wp","href":"https:\/\/api.w.org\/{rel}","templated":true}]}}