{"id":15219,"date":"2025-12-16T10:37:53","date_gmt":"2025-12-16T09:37:53","guid":{"rendered":"https:\/\/shop.militaria.at\/szallitas-es-kezbesites\/"},"modified":"2025-12-16T10:37:53","modified_gmt":"2025-12-16T09:37:53","slug":"szallitas-es-kezbesites","status":"publish","type":"page","link":"https:\/\/shop.militaria.at\/hu\/szallitas-es-kezbesites\/","title":{"rendered":"Sz\u00e1ll\u00edt\u00e1s \u00e9s k\u00e9zbes\u00edt\u00e9s"},"content":{"rendered":"<p>\u00c1rak, sz\u00e1ll\u00edt\u00e1si k\u00f6lts\u00e9gek \u00e9s sz\u00e1ll\u00edt\u00e1si inform\u00e1ci\u00f3k<\/p>\n<p>A term\u00e9koldalakon felt\u00fcntetett \u00e1rak tartalmazz\u00e1k a t\u00f6rv\u00e9nyes \u00e1f\u00e1t \u00e9s egy\u00e9b \u00e1rkomponenseket.<\/p>\n<p>A sz\u00e1ll\u00edt\u00e1si k\u00f6lts\u00e9geket a kos\u00e1rrendszerben \u00e9s a rendel\u00e9si oldalon is egy\u00e9rtelm\u0171en felt\u00fcntetj\u00fck.<\/p>\n","protected":false},"excerpt":{"rendered":"<p>\u00c1rak, sz\u00e1ll\u00edt\u00e1si k\u00f6lts\u00e9gek \u00e9s sz\u00e1ll\u00edt\u00e1si inform\u00e1ci\u00f3k A term\u00e9koldalakon felt\u00fcntetett \u00e1rak tartalmazz\u00e1k a t\u00f6rv\u00e9nyes \u00e1f\u00e1t \u00e9s egy\u00e9b \u00e1rkomponenseket. A sz\u00e1ll\u00edt\u00e1si k\u00f6lts\u00e9geket a kos\u00e1rrendszerben \u00e9s a rendel\u00e9si oldalon is egy\u00e9rtelm\u0171en felt\u00fcntetj\u00fck.<\/p>\n","protected":false},"author":1,"featured_media":0,"parent":0,"menu_order":0,"comment_status":"closed","ping_status":"closed","template":"","meta":{"site-sidebar-layout":"default","site-content-layout":"default","ast-main-header-display":"","ast-hfb-above-header-display":"","ast-hfb-below-header-display":"","ast-hfb-mobile-header-display":"","site-post-title":"","ast-breadcrumbs-content":"","ast-featured-img":"","footer-sml-layout":"","theme-transparent-header-meta":"","adv-header-id-meta":"","stick-header-meta":"","header-above-stick-meta":"","header-main-stick-meta":"","header-below-stick-meta":"","footnotes":""},"class_list":["post-15219","page","type-page","status-publish","hentry"],"_links":{"self":[{"href":"https:\/\/shop.militaria.at\/hu\/wp-json\/wp\/v2\/pages\/15219","targetHints":{"allow":["GET"]}}],"collection":[{"href":"https:\/\/shop.militaria.at\/hu\/wp-json\/wp\/v2\/pages"}],"about":[{"href":"https:\/\/shop.militaria.at\/hu\/wp-json\/wp\/v2\/types\/page"}],"author":[{"embeddable":true,"href":"https:\/\/shop.militaria.at\/hu\/wp-json\/wp\/v2\/users\/1"}],"replies":[{"embeddable":true,"href":"https:\/\/shop.militaria.at\/hu\/wp-json\/wp\/v2\/comments?post=15219"}],"version-history":[{"count":0,"href":"https:\/\/shop.militaria.at\/hu\/wp-json\/wp\/v2\/pages\/15219\/revisions"}],"wp:attachment":[{"href":"https:\/\/shop.militaria.at\/hu\/wp-json\/wp\/v2\/media?parent=15219"}],"curies":[{"name":"wp","href":"https:\/\/api.w.org\/{rel}","templated":true}]}}