{"id":1062,"date":"2000-01-18T09:17:02","date_gmt":"2000-01-18T08:17:02","guid":{"rendered":"http:\/\/shop.militaria.at\/product\/a-magyar-kiralyi-honvedseg\/"},"modified":"2023-02-13T15:07:32","modified_gmt":"2023-02-13T14:07:32","slug":"a-magyar-kiralyi-honvedseg","status":"publish","type":"product","link":"https:\/\/shop.militaria.at\/hu\/product\/a-magyar-kiralyi-honvedseg\/","title":{"rendered":"A Magyar Kir\u00e1lyi Honv\u00e9ds\u00e9g"},"content":{"rendered":"<p>K\u00f6tet\u00fcnk az 1868-ban megalap\u00edtott Magyar Kir\u00e1lyi Honv\u00e9ds\u00e9get mutatja be. Ez a kis hader\u0151-r\u00e9sz az Osztr\u00e1k\u2013Magyar Monarchia bonyolult hadig\u00e9pezet\u00e9ben nem t\u0171nt ki sem l\u00e9tsz\u00e1m\u00e1val, sem katonai erej\u00e9vel, egyvalamiben azonban m\u00e9gis k\u00fcl\u00f6nleges volt \u2013 k\u00fcls\u0151s\u00e9geiben. Fenn\u00e1ll\u00e1sa f\u00e9l \u00e9vsz\u00e1zada alatt olyan sz\u00ednes viseleti kult\u00far\u00e1t hozott l\u00e9tre, amellyel m\u00e9lt\u00e1n vetekedhetett ak\u00e1r a korszak nagy hadseregeinek par\u00e1d\u00e9s k\u00fcllem\u00e9vel is. I. Ferenc J\u00f3zsef magyar kir\u00e1ly egykori honv\u00e9dei sn\u00e1jdig, \u00e9s tal\u00e1n a legv\u00e1ltozatosabban \u00f6lt\u00f6zk\u00f6d\u0151 magyar katon\u00e1k voltak; maga a honv\u00e9ds\u00e9g, minden k\u00fcls\u0151s\u00e9g\u00e9vel egy\u00fctt, a magyar katonai \u00f6lt\u00f6zk\u00f6d\u00e9s egyik legsz\u00ednesebb korszak\u00e1t hozta l\u00e9tre. K\u00f6nyv\u00fcnkben ez a rendk\u00edv\u00fcl gazdag viseleti kult\u00fara elevenedik meg, sok-sok hiteles\u00edt\u0151 illusztr\u00e1ci\u00f3 seg\u00edts\u00e9g\u00e9vel. Ezernyi m\u0171t\u00e1rgyk\u00e9p, egyenruh\u00e1k, felszerel\u00e9si eszk\u00f6z\u00f6k, fegyverek, jelv\u00e9nyek, fot\u00f3k \u00e9s dokumentumok sokas\u00e1ga szerepel a v\u00e1logat\u00e1sban, \u00e9rt\u0151 szakmai narr\u00e1ci\u00f3val, szakszer\u0171, hiteles\u00edt\u0151 t\u00e1rgyle\u00edr\u00e1sokkal, min\u0151s\u00e9gi k\u00f6nyv\u00e9szeti megjelen\u00edt\u00e9sben. Megelevenedik a k\u00f6zvetlen k\u00f6zeg, a Magyar Kir\u00e1lyi Honv\u00e9ds\u00e9g, \u00e9s a m\u00e9g enn\u00e9l is t\u00e1gabb keret, az Osztr\u00e1k\u2013Magyar Monarchia hadereje. A k\u00f6zreadott m\u0171t\u00e1rgyak a maguk idej\u00e9ben, alaprendeltet\u00e9s\u00fck szerint, szinte egyt\u0151l egyig haszn\u00e1lati t\u00e1rgyak voltak, nagy r\u00e9sz\u00fcket haszn\u00e1lt\u00e1k is, a ruh\u00e1kon ma is ott vannak a visel\u00e9s nyomai, olvashat\u00f3k a birtokl\u00e1st jelz\u0151 be\u00edr\u00e1sok, jelek, szab\u00f3c\u00edmk\u00e9k, kincst\u00e1ri b\u00e9lyegz\u00e9sek. Rajtuk kereszt\u00fcl a r\u00e9gi katona\u00e9let mindennapjaihoz is k\u00f6zelebb juthatunk. Az \u00f6ssze\u00e1ll\u00edt\u00e1ssal, amely egyidej\u0171leg angol \u00e9s n\u00e9met nyelven is megjelenik, a Hadt\u00f6rt\u00e9neti M\u00fazeum t\u00e1rja a sz\u00e9lesebb \u00e9rdekl\u0151d\u0151 k\u00f6z\u00f6ns\u00e9g el\u00e9 figyelemre m\u00e9lt\u00f3 viselet-gy\u0171jtem\u00e9ny\u00e9nek kincseit.<\/p>\n","protected":false},"excerpt":{"rendered":"<p>\u00e9s a honv\u00e9degyenruha 1868\u20131918<\/p>\n","protected":false},"featured_media":1539,"template":"","meta":{"site-sidebar-layout":"default","site-content-layout":"default","ast-main-header-display":"","ast-hfb-above-header-display":"","ast-hfb-below-header-display":"","ast-hfb-mobile-header-display":"","site-post-title":"","ast-breadcrumbs-content":"","ast-featured-img":"","footer-sml-layout":"","theme-transparent-header-meta":"default","adv-header-id-meta":"","stick-header-meta":"default","header-above-stick-meta":"","header-main-stick-meta":"","header-below-stick-meta":""},"product_brand":[],"product_cat":[15],"product_tag":[],"test":[315],"autoren":[416],"class_list":{"0":"post-1062","1":"product","2":"type-product","3":"status-publish","4":"has-post-thumbnail","6":"product_cat-uniformierung-ausruestung","7":"test-315","8":"autoren-dr-gyoergy-sagvari-hu","9":"align-center","10":"box-shadow-1","11":"box-shadow-2-hover","12":"ast-product-gallery-layout-horizontal","13":"ast-product-tabs-layout-horizontal","15":"first","16":"instock","17":"taxable","18":"shipping-taxable","19":"purchasable","20":"product-type-simple"},"_links":{"self":[{"href":"https:\/\/shop.militaria.at\/hu\/wp-json\/wp\/v2\/product\/1062","targetHints":{"allow":["GET"]}}],"collection":[{"href":"https:\/\/shop.militaria.at\/hu\/wp-json\/wp\/v2\/product"}],"about":[{"href":"https:\/\/shop.militaria.at\/hu\/wp-json\/wp\/v2\/types\/product"}],"wp:featuredmedia":[{"embeddable":true,"href":"https:\/\/shop.militaria.at\/hu\/wp-json\/wp\/v2\/media\/1539"}],"wp:attachment":[{"href":"https:\/\/shop.militaria.at\/hu\/wp-json\/wp\/v2\/media?parent=1062"}],"wp:term":[{"taxonomy":"product_brand","embeddable":true,"href":"https:\/\/shop.militaria.at\/hu\/wp-json\/wp\/v2\/product_brand?post=1062"},{"taxonomy":"product_cat","embeddable":true,"href":"https:\/\/shop.militaria.at\/hu\/wp-json\/wp\/v2\/product_cat?post=1062"},{"taxonomy":"product_tag","embeddable":true,"href":"https:\/\/shop.militaria.at\/hu\/wp-json\/wp\/v2\/product_tag?post=1062"},{"taxonomy":"test","embeddable":true,"href":"https:\/\/shop.militaria.at\/hu\/wp-json\/wp\/v2\/test?post=1062"},{"taxonomy":"autoren","embeddable":true,"href":"https:\/\/shop.militaria.at\/hu\/wp-json\/wp\/v2\/autoren?post=1062"}],"curies":[{"name":"wp","href":"https:\/\/api.w.org\/{rel}","templated":true}]}}