{"id":11317,"date":"2000-03-17T11:48:45","date_gmt":"2000-03-17T10:48:45","guid":{"rendered":"https:\/\/shop.militaria.at\/product\/lesercito-italiano-nella-prima-guerra-mondiale\/"},"modified":"2025-10-27T15:13:28","modified_gmt":"2025-10-27T14:13:28","slug":"lesercito-italiano-nella-prima-guerra-mondiale","status":"publish","type":"product","link":"https:\/\/shop.militaria.at\/it\/product\/lesercito-italiano-nella-prima-guerra-mondiale\/","title":{"rendered":"L\u2019esercito italiano nella Prima guerra mondiale, Parte 1"},"content":{"rendered":"<p>Allo scoppio della Prima guerra mondiale, nel 1914, l\u2019esercito Italiano contava poco meno di 300.000 effettivi. Quattro anni dopo erano stati mobilitati oltre 5,9 milioni di uomini, su pi\u00f9 fronti. Alcune operazioni militari si protrassero fino al 1919 in zona d\u2019occupazione.<\/p>\n<p>La macchina militare italiana era giunta alla prova della guerra solo parzialmente preparata: l\u2019introduzione di una nuova uniforme nel 1909 e le recenti esperienze della guerra di Libia, con l\u2019Impero ottomano (1911-12), avevano accelerato la revisione delle dotazioni. Se comparata alla capacit\u00e0 militare delle grandi potenze europee, la forza d\u2019urto dell\u2019esercito italiano tuttavia era relativa e la capacit\u00e0 del settore industriale di far fronte ai bisogni di una guerra di massa risultava limitata. Ci\u00f2 produsse ritardi e variabilit\u00e0 nelle forniture tessili, ma anche la nascita di nuovi capi.<\/p>\n<p>Questo volume illustrato racconta, attraverso la presentazione di oltre 350 uniformi, copricapi, cappelli, elmetti, le trasformazioni vissute dall\u2019esercito italiano durante la guerra. I pezzi mostrati nel volume, provenienti dalle collezioni del Museo Storico Italiano della Guerra e da altre collezioni pubbliche e private, descrivono le dotazioni di reparti tradizionali (fanteria, granatieri, alpini, bersaglieri, artiglieria, cavalleria, carabinieri, guardia di finanza, genio, sanit\u00e0, servizi) e la nascita di nuove specialit\u00e0, direttamente legate alla modernit\u00e0 del conflitto (bombardieri, mitraglieri, arditi, corpo aeronautico), fornendo un quadro complessivo dei corpi in forza all\u2019esercito italiano, con un focus specifico sulle formazioni volontarie (garibaldini, volontari ciclisti automobilisti, legionari cecoslovacchi, volontari irredenti in Estremo oriente).<\/p>\n<p>Il repertorio di uniformi, copricapi e elmetti presentato, che copre tutte dotazioni d\u2019uniforme da combattimento dell\u2019esercito dalla data d\u2019introduzione dei nuovi capi alla fine del conflitto, \u00e8 corredato da un ricchissimo apparato fotografico in bianco e nero, funzionale alla descrizione dei pezzi. Sono presenti inoltre schede biografiche, che introducono sezioni di approfondimento su materiali appartenuti a personaggi di rilievo, come Luigi Cadorna, Armando Diaz, Gabriele d\u2019Annunzio, Cesare Battisti, Damiano Chiesa, Fabio Filzi, Ettore Lajolo, i fratelli Calvi o a formazioni, come l\u201987\u00b0 Squadriglia \u201cSerenissima\u201d, che vol\u00f2 su Vienna nell\u2019agosto 1918.<\/p>\n<p>Lo spaccato che ne emerge fornisce al lettore un\u2019impressione realistica della composizione e dotazione uniformologica dell\u2019esercito italiano nel corso del conflitto, dei limiti nell\u2019equipaggiamento e nelle sue trasformazioni, attraverso la presentazione di materiali e collezioni in gran parte inedite.<\/p>\n","protected":false},"excerpt":{"rendered":"<p>L\u2019uniforme grigio-verde (1909-1919)<\/p>\n","protected":false},"featured_media":11319,"template":"","meta":{"site-sidebar-layout":"default","site-content-layout":"default","ast-main-header-display":"","ast-hfb-above-header-display":"","ast-hfb-below-header-display":"","ast-hfb-mobile-header-display":"","site-post-title":"","ast-breadcrumbs-content":"","ast-featured-img":"","footer-sml-layout":"","theme-transparent-header-meta":"","adv-header-id-meta":"","stick-header-meta":"","header-above-stick-meta":"","header-main-stick-meta":"","header-below-stick-meta":""},"product_brand":[],"product_cat":[],"product_tag":[],"test":[],"autoren":[440,439],"class_list":{"0":"post-11317","1":"product","2":"type-product","3":"status-publish","4":"has-post-thumbnail","6":"autoren-davide-zendri-it","7":"autoren-francesco-frizzera-it","8":"align-center","9":"box-shadow-1","10":"box-shadow-2-hover","11":"ast-product-gallery-layout-horizontal","12":"ast-product-tabs-layout-horizontal","14":"first","15":"instock","16":"taxable","17":"shipping-taxable","18":"purchasable","19":"product-type-simple"},"_links":{"self":[{"href":"https:\/\/shop.militaria.at\/it\/wp-json\/wp\/v2\/product\/11317","targetHints":{"allow":["GET"]}}],"collection":[{"href":"https:\/\/shop.militaria.at\/it\/wp-json\/wp\/v2\/product"}],"about":[{"href":"https:\/\/shop.militaria.at\/it\/wp-json\/wp\/v2\/types\/product"}],"wp:featuredmedia":[{"embeddable":true,"href":"https:\/\/shop.militaria.at\/it\/wp-json\/wp\/v2\/media\/11319"}],"wp:attachment":[{"href":"https:\/\/shop.militaria.at\/it\/wp-json\/wp\/v2\/media?parent=11317"}],"wp:term":[{"taxonomy":"product_brand","embeddable":true,"href":"https:\/\/shop.militaria.at\/it\/wp-json\/wp\/v2\/product_brand?post=11317"},{"taxonomy":"product_cat","embeddable":true,"href":"https:\/\/shop.militaria.at\/it\/wp-json\/wp\/v2\/product_cat?post=11317"},{"taxonomy":"product_tag","embeddable":true,"href":"https:\/\/shop.militaria.at\/it\/wp-json\/wp\/v2\/product_tag?post=11317"},{"taxonomy":"test","embeddable":true,"href":"https:\/\/shop.militaria.at\/it\/wp-json\/wp\/v2\/test?post=11317"},{"taxonomy":"autoren","embeddable":true,"href":"https:\/\/shop.militaria.at\/it\/wp-json\/wp\/v2\/autoren?post=11317"}],"curies":[{"name":"wp","href":"https:\/\/api.w.org\/{rel}","templated":true}]}}