{"id":1051,"date":"2000-02-12T09:17:02","date_gmt":"2000-02-12T08:17:02","guid":{"rendered":"http:\/\/shop.militaria.at\/product\/het-belgische-leger\/"},"modified":"2025-10-31T11:11:43","modified_gmt":"2025-10-31T10:11:43","slug":"het-belgische-leger","status":"publish","type":"product","link":"https:\/\/shop.militaria.at\/nl\/product\/het-belgische-leger\/","title":{"rendered":"Het Belgische leger in de Grote Oorlog, Deel 1"},"content":{"rendered":"<p>Belgi\u00eb: in augustus 1914 haalt de naam plots alle krantenkoppen. Het Duitse keizerrijk heeft de internationale afspraken immers naast zich neergelegd en is een neutraal land binnengevallen. De Britse oorlogsverklaring blijft dan ook niet uit. \u201cPoor little Belgium\u201d dient, samen met Servi\u00eb, te worden verdedigd, waardoor de strijd van de geallieerde landen meteen legitiem wordt.<br \/>\nOp het militaire vlak weet het Belgische leger iedereen te verwonderen door zijn weerstand, die veel sterker is dan verwacht. Hoewel de strijdmacht over een eerder beperkt aantal manschappen beschikt (230.000), slaagt ze erin de vijand de hele oorlog lang van op een stukje deels overstroomd grondgebied het hoofd te bieden \u00e9n in de herfst van 1918 een nieuw offensief te lanceren. In deze context verkrijgt Belgi\u00eb, als slachtoffer van omvangrijke verwoestingen en systematische industri\u00eble ontmanteling, bij de opmaak van de vredesverdragen prioritair compensaties.<br \/>\nDit boek van zo\u2019n 600 pagina\u2019s en met meer dan 1.650 foto\u2019s (zowel in zwart-wit als in kleur) is gewijd aan de uniformen en de uitrustingen van het Belgische leger en verwante gewapende instellingen zoals de burgerwacht en de Openbare Weermacht in Congo. De bibliografie over dit onderwerp was tot nog toe heel beperkt, met slechts enkele artikels en brochures.<br \/>\nHet werk is ongezien door zijn omvang en mag dus als een referentie gelden. Het steunt op de immense verzameling van het Belgische Koninklijk Museum van het Leger en de Krijgsgeschiedenis, aangevuld door enkele priv\u00e9collecties, waardoor een zo groot mogelijk aantal objecten kon worden ge\u00efllustreerd. Zoals vele legers van kleine staten volgt het Belgische silhouet anno 1914 de grote mogendheden: Frankrijk voor de uniformen en Duitsland voor de uitrustingen. Uit budgettaire overwegingen wordt het silhouet van de infanteristen (linie-infanterie, jagers te voet, karabiniers,\u2026) en van de cavaleristen (gidsen, lansiers, jagers te paard,\u2026), artilleristen of genie vereenvoudigd. De wapens onderscheiden zich nog enkel door een karakteristiek, zij het voorbijgestreefd, hoofddeksel. Deze zin voor eenvormigheid loopt in 1915 uit op de kaki tenue, met \u00e9\u00e9n enkele snit naar Engels model voor iedereen en de Franse Adrian-helm. Door de oorlogsomstandigheden komen de materialen en de uitrustingen van zowat overal: Frankrijk, Groot-Brittanni\u00eb, Itali\u00eb, Rusland, Argentini\u00eb of de Verenigde Staten. Vandaag zijn al deze objecten uiterst zeldzaam geworden.<\/p>\n","protected":false},"excerpt":{"rendered":"<p>in de Grote Oorlog<\/p>\n","protected":false},"featured_media":14376,"template":"","meta":{"site-sidebar-layout":"default","site-content-layout":"default","ast-main-header-display":"","ast-hfb-above-header-display":"","ast-hfb-below-header-display":"","ast-hfb-mobile-header-display":"","site-post-title":"","ast-breadcrumbs-content":"","ast-featured-img":"","footer-sml-layout":"","theme-transparent-header-meta":"default","adv-header-id-meta":"","stick-header-meta":"default","header-above-stick-meta":"","header-main-stick-meta":"","header-below-stick-meta":""},"product_brand":[],"product_cat":[],"product_tag":[],"test":[],"autoren":[550,979,705,833],"class_list":{"0":"post-1051","1":"product","2":"type-product","3":"status-publish","4":"has-post-thumbnail","6":"autoren-dominique-henrard-nl","7":"autoren-emilie-gaillard-nl","8":"autoren-ilse-bogaerts-nl","9":"autoren-philippe-jacquij-nl","10":"align-center","11":"box-shadow-1","12":"box-shadow-2-hover","13":"ast-product-gallery-layout-horizontal","14":"ast-product-tabs-layout-horizontal","16":"first","17":"instock","18":"taxable","19":"shipping-taxable","20":"purchasable","21":"product-type-simple"},"_links":{"self":[{"href":"https:\/\/shop.militaria.at\/nl\/wp-json\/wp\/v2\/product\/1051","targetHints":{"allow":["GET"]}}],"collection":[{"href":"https:\/\/shop.militaria.at\/nl\/wp-json\/wp\/v2\/product"}],"about":[{"href":"https:\/\/shop.militaria.at\/nl\/wp-json\/wp\/v2\/types\/product"}],"wp:featuredmedia":[{"embeddable":true,"href":"https:\/\/shop.militaria.at\/nl\/wp-json\/wp\/v2\/media\/14376"}],"wp:attachment":[{"href":"https:\/\/shop.militaria.at\/nl\/wp-json\/wp\/v2\/media?parent=1051"}],"wp:term":[{"taxonomy":"product_brand","embeddable":true,"href":"https:\/\/shop.militaria.at\/nl\/wp-json\/wp\/v2\/product_brand?post=1051"},{"taxonomy":"product_cat","embeddable":true,"href":"https:\/\/shop.militaria.at\/nl\/wp-json\/wp\/v2\/product_cat?post=1051"},{"taxonomy":"product_tag","embeddable":true,"href":"https:\/\/shop.militaria.at\/nl\/wp-json\/wp\/v2\/product_tag?post=1051"},{"taxonomy":"test","embeddable":true,"href":"https:\/\/shop.militaria.at\/nl\/wp-json\/wp\/v2\/test?post=1051"},{"taxonomy":"autoren","embeddable":true,"href":"https:\/\/shop.militaria.at\/nl\/wp-json\/wp\/v2\/autoren?post=1051"}],"curies":[{"name":"wp","href":"https:\/\/api.w.org\/{rel}","templated":true}]}}